{"id":1190,"date":"2018-12-20T19:15:46","date_gmt":"2018-12-20T18:15:46","guid":{"rendered":"http:\/\/chambreagriculturesm.com\/ar\/?page_id=1190"},"modified":"2018-12-21T11:02:12","modified_gmt":"2018-12-21T10:02:12","slug":"%d8%a7%d9%84%d8%b4%d9%87%d8%a7%d8%af%d8%a9-%d8%a7%d9%84%d9%81%d9%84%d8%a7%d8%ad%d9%8a%d8%a9","status":"publish","type":"page","link":"https:\/\/chambreagriculturesm.com\/ar\/%d8%a7%d9%84%d8%b4%d9%87%d8%a7%d8%af%d8%a9-%d8%a7%d9%84%d9%81%d9%84%d8%a7%d8%ad%d9%8a%d8%a9\/","title":{"rendered":"\u0627\u0644\u0634\u0647\u0627\u062f\u0629 \u0627\u0644\u0641\u0644\u0627\u062d\u064a\u0629"},"content":{"rendered":"\n<div class=\"wpcf7 no-js\" id=\"wpcf7-f1322-o1\" lang=\"ar\" dir=\"rtl\">\n<div class=\"screen-reader-response\"><p role=\"status\" aria-live=\"polite\" aria-atomic=\"true\"><\/p> <ul><\/ul><\/div>\n<form action=\"\/ar\/wp-json\/wp\/v2\/pages\/1190#wpcf7-f1322-o1\" method=\"post\" class=\"wpcf7-form init\" aria-label=\"\u0646\u0645\u0648\u0630\u062c \u0627\u0644\u0627\u062a\u0635\u0627\u0644\" enctype=\"multipart\/form-data\" novalidate=\"novalidate\" data-status=\"init\">\n<div style=\"display: none;\">\n<input type=\"hidden\" name=\"_wpcf7\" value=\"1322\" \/>\n<input type=\"hidden\" name=\"_wpcf7_version\" value=\"5.7.7\" \/>\n<input type=\"hidden\" name=\"_wpcf7_locale\" value=\"ar\" \/>\n<input type=\"hidden\" name=\"_wpcf7_unit_tag\" value=\"wpcf7-f1322-o1\" \/>\n<input type=\"hidden\" name=\"_wpcf7_container_post\" value=\"0\" \/>\n<input type=\"hidden\" name=\"_wpcf7_posted_data_hash\" value=\"\" \/>\n<input type=\"hidden\" name=\"_wpcf7_recaptcha_response\" value=\"\" \/>\n<\/div>\n<p><label> \u0645\u0646 \u0623\u0646\u062a\u0645 \u061f (*)<br \/>\n<span class=\"wpcf7-form-control-wrap\" data-name=\"structure\"><select class=\"wpcf7-form-control wpcf7-select\" aria-invalid=\"false\" name=\"structure\"><option value=\"Particulier\">Particulier<\/option><option value=\"Coop\u00e9rative\">Coop\u00e9rative<\/option><option value=\"Association\">Association<\/option><option value=\"Soci\u00e9t\u00e9\">Soci\u00e9t\u00e9<\/option><\/select><\/span> <\/label><br \/>\n<label> \u0627\u0644\u0625\u0633\u0645 \u0627\u0644\u0643\u0627\u0645\u0644 (*)<br \/>\n<span class=\"wpcf7-form-control-wrap\" data-name=\"nom\"><input size=\"40\" class=\"wpcf7-form-control wpcf7-text wpcf7-validates-as-required\" aria-required=\"true\" aria-invalid=\"false\" value=\"\" type=\"text\" name=\"nom\" \/><\/span> <\/label><br \/>\n<label> \u062a\u0627\u0631\u064a\u062e \u0627\u0644\u0625\u0632\u062f\u064a\u0627\u062f (*)<br \/>\n<span class=\"wpcf7-form-control-wrap\" data-name=\"dateNaissance\"><input size=\"40\" class=\"wpcf7-form-control wpcf7-text wpcf7-validates-as-required\" aria-required=\"true\" aria-invalid=\"false\" placeholder=\"JJ\/MM\/AAAA\" value=\"\" type=\"text\" name=\"dateNaissance\" \/><\/span> <\/label><br \/>\n<label> \u0631\u0642\u0645 \u0627\u0644\u0628\u0637\u0627\u0642\u0629 \u0627\u0644\u0648\u0637\u0646\u064a\u0629 (*)<br \/>\n<span class=\"wpcf7-form-control-wrap\" data-name=\"CIN\"><input size=\"40\" class=\"wpcf7-form-control wpcf7-text wpcf7-validates-as-required\" aria-required=\"true\" aria-invalid=\"false\" value=\"\" type=\"text\" name=\"CIN\" \/><\/span> <\/label>\n<\/p>\n<p><label> \u0627\u0644\u0647\u0627\u062a\u0641 (*)<br \/>\n<span class=\"wpcf7-form-control-wrap\" data-name=\"telephone\"><input size=\"40\" class=\"wpcf7-form-control wpcf7-text wpcf7-validates-as-required\" aria-required=\"true\" aria-invalid=\"false\" value=\"\" type=\"text\" name=\"telephone\" \/><\/span> <\/label><br \/>\n<label> \u0627\u0644\u0628\u0631\u064a\u062f \u0627\u0644\u0625\u0644\u0643\u062a\u0631\u0648\u0646\u064a<br \/>\n<span class=\"wpcf7-form-control-wrap\" data-name=\"adresseEmail\"><input size=\"40\" class=\"wpcf7-form-control wpcf7-text wpcf7-email wpcf7-validates-as-email\" aria-invalid=\"false\" value=\"\" type=\"email\" name=\"adresseEmail\" \/><\/span> <\/label><br \/>\n<label> \u0627\u0644\u0639\u0646\u0648\u0627\u0646<br \/>\n<span class=\"wpcf7-form-control-wrap\" data-name=\"adresse\"><input size=\"40\" class=\"wpcf7-form-control wpcf7-text\" aria-invalid=\"false\" value=\"\" type=\"text\" name=\"adresse\" \/><\/span> <\/label><br \/>\n<label> \u0627\u0644\u0645\u0631\u0641\u0642\u0627\u062a<br \/>\n<span class=\"wpcf7-form-control-wrap fichiers\"><input size=\"40\" class=\"wpcf7-form-control wpcf7-multifile\" multiple=\"multiple\" aria-invalid=\"false\" type=\"file\" name=\"fichiers[]\" \/><\/span><\/label><br \/>\n<label> \u0627\u0644\u0631\u0633\u0627\u0644\u0629<br \/>\n<span class=\"wpcf7-form-control-wrap\" data-name=\"message\"><textarea cols=\"40\" rows=\"4\" class=\"wpcf7-form-control wpcf7-textarea\" aria-invalid=\"false\" name=\"message\"><\/textarea><\/span><\/label><br \/>\n<br \/>\n<input class=\"wpcf7-form-control has-spinner wpcf7-submit\" type=\"submit\" value=\"\u0625\u0631\u0633\u0627\u0644 \u0627\u0644\u0637\u0644\u0628\" \/>\n<\/p><div class=\"wpcf7-response-output\" aria-hidden=\"true\"><\/div>\n<\/form>\n<\/div>\n\n","protected":false},"excerpt":{"rendered":"\u0645\u0646 \u0623\u0646\u062a\u0645 \u061f (*) ParticulierCoop\u00e9rativeAssociationSoci\u00e9t\u00e9 \u0627\u0644\u0625\u0633\u0645 \u0627\u0644\u0643\u0627\u0645\u0644 (*) \u062a\u0627\u0631\u064a\u062e \u0627\u0644\u0625\u0632\u062f\u064a\u0627\u062f (*) \u0631\u0642\u0645 \u0627\u0644\u0628\u0637\u0627\u0642\u0629 \u0627\u0644\u0648\u0637\u0646\u064a\u0629 (*) \u0627\u0644\u0647\u0627\u062a\u0641 (*) \u0627\u0644\u0628\u0631\u064a\u062f \u0627\u0644\u0625\u0644\u0643\u062a\u0631\u0648\u0646\u064a \u0627\u0644\u0639\u0646\u0648\u0627\u0646 \u0627\u0644\u0645\u0631\u0641\u0642\u0627\u062a \u0627\u0644\u0631\u0633\u0627\u0644\u0629","protected":false},"author":1,"featured_media":0,"parent":0,"menu_order":0,"comment_status":"closed","ping_status":"closed","template":"","meta":{"footnotes":""},"class_list":["post-1190","page","type-page","status-publish","hentry"],"_links":{"self":[{"href":"https:\/\/chambreagriculturesm.com\/ar\/wp-json\/wp\/v2\/pages\/1190","targetHints":{"allow":["GET"]}}],"collection":[{"href":"https:\/\/chambreagriculturesm.com\/ar\/wp-json\/wp\/v2\/pages"}],"about":[{"href":"https:\/\/chambreagriculturesm.com\/ar\/wp-json\/wp\/v2\/types\/page"}],"author":[{"embeddable":true,"href":"https:\/\/chambreagriculturesm.com\/ar\/wp-json\/wp\/v2\/users\/1"}],"replies":[{"embeddable":true,"href":"https:\/\/chambreagriculturesm.com\/ar\/wp-json\/wp\/v2\/comments?post=1190"}],"version-history":[{"count":2,"href":"https:\/\/chambreagriculturesm.com\/ar\/wp-json\/wp\/v2\/pages\/1190\/revisions"}],"predecessor-version":[{"id":1323,"href":"https:\/\/chambreagriculturesm.com\/ar\/wp-json\/wp\/v2\/pages\/1190\/revisions\/1323"}],"wp:attachment":[{"href":"https:\/\/chambreagriculturesm.com\/ar\/wp-json\/wp\/v2\/media?parent=1190"}],"curies":[{"name":"wp","href":"https:\/\/api.w.org\/{rel}","templated":true}]}}